{"id":1656,"date":"2024-08-12T11:02:47","date_gmt":"2024-08-12T11:02:47","guid":{"rendered":"https:\/\/way2rentals.com\/terminos-y-condiciones\/"},"modified":"2026-01-19T15:07:12","modified_gmt":"2026-01-19T15:07:12","slug":"terminos-y-condiciones","status":"publish","type":"page","link":"https:\/\/way2rentals.com\/es\/terminos-y-condiciones\/","title":{"rendered":"T\u00e9rminos y condiciones"},"content":{"rendered":"<p>[et_pb_section fb_built=\u00bb1&#8243; admin_label=\u00bbsection\u00bb _builder_version=\u00bb4.16&#8243; global_colors_info=\u00bb{}\u00bb][et_pb_row admin_label=\u00bbrow\u00bb _builder_version=\u00bb4.16&#8243; background_size=\u00bbinitial\u00bb background_position=\u00bbtop_left\u00bb background_repeat=\u00bbrepeat\u00bb global_colors_info=\u00bb{}\u00bb][et_pb_column type=\u00bb4_4&#8243; _builder_version=\u00bb4.16&#8243; custom_padding=\u00bb|||\u00bb pac_dcm_carousel_specific_module_num=\u00bb0&#8243; global_colors_info=\u00bb{}\u00bb custom_padding__hover=\u00bb|||\u00bb][et_pb_text admin_label=\u00bbText\u00bb _builder_version=\u00bb4.27.0&#8243; header_2_font=\u00bb|700|||||||\u00bb header_2_text_align=\u00bbcenter\u00bb header_2_text_color=\u00bb#009832&#8243; header_2_font_size=\u00bb40px\u00bb header_2_line_height=\u00bb1.3em\u00bb header_3_font=\u00bb|600|||||||\u00bb header_3_text_color=\u00bb#009832&#8243; header_3_line_height=\u00bb1.3em\u00bb background_size=\u00bbinitial\u00bb background_position=\u00bbtop_left\u00bb background_repeat=\u00bbrepeat\u00bb header_2_font_size_tablet=\u00bb40px\u00bb header_2_font_size_phone=\u00bb30px\u00bb header_2_font_size_last_edited=\u00bbon|desktop\u00bb global_colors_info=\u00bb{}\u00bb]<\/p>\n<h2>T\u00e9rminos y condiciones<\/h2>\n<p>[\/et_pb_text][et_pb_text admin_label=\u00bbText\u00bb _builder_version=\u00bb4.27.4&#8243; header_2_font=\u00bb|700|||||||\u00bb header_2_text_color=\u00bb#009832&#8243; header_2_line_height=\u00bb1.3em\u00bb header_3_font=\u00bb|600|||||||\u00bb header_3_text_color=\u00bb#009832&#8243; header_3_line_height=\u00bb1.3em\u00bb background_size=\u00bbinitial\u00bb background_position=\u00bbtop_left\u00bb background_repeat=\u00bbrepeat\u00bb hover_enabled=\u00bb0&#8243; global_colors_info=\u00bb{}\u00bb sticky_enabled=\u00bb0&#8243;]<\/p>\n<p>Este documento establece las normas que regulan el acceso y uso de los usuarios de este sitio web.<\/p>\n<p>El Usuario reconoce que al acceder, consultar y utilizar el sitio web est\u00e1 aceptando las presentes Condiciones de Uso.<\/p>\n<p>&nbsp;<\/p>\n<h3>Propiedad<\/h3>\n<p>Este sitio web es propiedad de Ecomoverentals &#8211; Comercio e Servi\u00e7os, Lda.<\/p>\n<p>&nbsp;<\/p>\n<h3>Copyright y otros derechos de propiedad<\/h3>\n<p>El contenido de este sitio web, incluidas marcas, dise\u00f1os, logotipos, textos, im\u00e1genes, materiales de audio y video, es propiedad de Ecomoverentals &#8211; Comercio e Servi\u00e7os, Lda., a menos que se indique lo contrario mediante referencia a su fuente. Y como tal, el contenido se encuentra protegido por los t\u00e9rminos generales de la ley y por la legislaci\u00f3n nacional e internacional de protecci\u00f3n de la Propiedad Intelectual. No est\u00e1 permitido exhibir, reproducir, distribuir, modificar, transmitir o utilizar los contenidos de cualquier forma, para cualquier prop\u00f3sito p\u00fablico o comercial sin el consentimiento previo y expreso por escrito de Ecomoverentals &#8211; Comercio e Servi\u00e7os, Lda.<\/p>\n<p>&nbsp;<\/p>\n<h3>Contenidos y garant\u00edas<\/h3>\n<p>La informaci\u00f3n contenida en este sitio web fue incluida de buena fe y es s\u00f3lo para informaci\u00f3n general, y su uso es bajo riesgo exclusivo del usuario.<br \/>Este sitio web y su contenido se proporcionan sin garant\u00edas de ning\u00fan tipo, ya sean garant\u00edas impl\u00edcitas de comerciabilidad, no infracci\u00f3n de derechos de terceros e idoneidad para un prop\u00f3sito particular. En consecuencia, no se garantiza que el acceso a estos sitios sea ininterrumpido o est\u00e9 libre de errores, virus u otro material da\u00f1ino, o que la informaci\u00f3n contenida en este sitio sea completa, precisa u oportuna. <\/p>\n<p>Ecomoverentals se reserva el derecho a realizar cambios y correcciones, suspender o cerrar el sitio web cuando lo considere oportuno y sin necesidad de previo aviso a ning\u00fan miembro o entidad.<\/p>\n<p>Ecomoverentals no filtra previamente ni monitorea el contenido transmitido a este sitio web por terceros y no es responsable de filtrar o monitorear dicho contenido. Si se le notifica, Ecomoverentals puede investigar una acusaci\u00f3n de que el contenido transmitido a este sitio web viola los T\u00e9rminos y condiciones y puede determinar si se debe eliminar la informaci\u00f3n de estos sitios. <\/p>\n<p>Ecomoverentals no asume ninguna responsabilidad por cualquier acci\u00f3n o contenido transmitido por o entre usted o un tercero dentro o fuera de este sitio.<\/p>\n<p>Sin embargo, el usuario se compromete a no transmitir a este sitio web ning\u00fan contenido il\u00edcito, amenazante, calumnioso, difamatorio, obsceno, escandaloso, pornogr\u00e1fico o profano, o cualquier otro contenido que pueda constituir o fomentar conductas violatorias de cualquier ley. Ecomoverentals cooperar\u00e1 plenamente con cualquier autoridad policial competente u orden judicial que solicite u ordene a Ecomoverentals que revele la identidad o ayude a identificar o localizar a cualquier persona que transmita dicho contenido. <\/p>\n<p>&nbsp;<\/p>\n<h3>Responsabilidad, uso y riesgo<\/h3>\n<p>Ecomoverentals, as\u00ed como cualquier otra parte involucrada en la creaci\u00f3n, producci\u00f3n, mantenimiento o implementaci\u00f3n de este sitio web, no ser\u00e1 responsable ante ning\u00fan usuario del sitio web, por cualquier posible da\u00f1o, p\u00e9rdida o lesi\u00f3n que surja del uso correcto o incorrecto de estos. sitios web y sus contenidos, accesos al ordenador o sistema inform\u00e1tico del usuario por parte de terceros, virus, etc.<\/p>\n<p>Este sitio web puede contener enlaces a sitios web de terceros. Estos enlaces se proporcionan \u00fanicamente para la comodidad y accesibilidad del usuario. Ecomoverentals no respalda el contenido de dichos sitios de terceros y no es responsable del contenido de dichos sitios. El acceso y las visitas a cualquiera de estos sitios web de terceros se realizan por cuenta y riesgo del usuario.   <\/p>\n<p>Queda expresamente prohibido el uso del sitio web con fines il\u00edcitos o cualesquiera otros que puedan considerarse indignos de la imagen de Ecomoverentals.<\/p>\n<p>Asimismo, se proh\u00edbe al usuario crear o introducir cualquier tipo de virus o programas que los da\u00f1en o contaminen o avisar a terceros para ello. Los infractores estar\u00e1n sujetos a proceso penal. <\/p>\n<p>&nbsp;<\/p>\n<p>&nbsp;<\/p>\n<h3>Libro electr\u00f3nico de reclamaciones.<\/h3>\n<p>Los clientes o usuarios que deseen manifestar su disconformidad con la prestaci\u00f3n de los servicios, comercializaci\u00f3n de los productos o calidad del servicio, podr\u00e1n presentar formalmente una reclamaci\u00f3n, la cual ser\u00e1 objeto de an\u00e1lisis y tratamiento por parte de Ecomoverentals. El denunciante deber\u00e1 indicar elementos de identificaci\u00f3n que permitan el an\u00e1lisis y describir de forma clara y completa los hechos que motivan la denuncia. La denuncia se puede presentar de tres formas posibles:  <\/p>\n<p>\u2013 En el Libro Electr\u00f3nico de Reclamaciones disponible en https:\/\/www.livroreclamacoes.pt<\/p>\n<p>\u2013 Por correo electr\u00f3nico dirigido a info@way2rentals.com<\/p>\n<p>Ecomoverentals siempre comunica formalmente la decisi\u00f3n, tenga raz\u00f3n el denunciante o en otros casos. Se toman todas las medidas para concluir r\u00e1pidamente los procesos de reclamaci\u00f3n. En casos de alto grado de complejidad, se mantiene informado al denunciante, a trav\u00e9s de los medios que se consideren m\u00e1s adecuados.  <\/p>\n<p>[\/et_pb_text][\/et_pb_column][\/et_pb_row][\/et_pb_section][et_pb_section fb_built=\u00bb1&#8243; _builder_version=\u00bb4.27.0&#8243; _module_preset=\u00bbdefault\u00bb global_colors_info=\u00bb{}\u00bb][et_pb_row _builder_version=\u00bb4.27.0&#8243; _module_preset=\u00bbdefault\u00bb background_color=\u00bb#009832&#8243; width=\u00bb90%\u00bb border_radii=\u00bbon|10px|10px|10px|10px\u00bb box_shadow_style=\u00bbpreset2&#8243; global_colors_info=\u00bb{}\u00bb][et_pb_column type=\u00bb4_4&#8243; _builder_version=\u00bb4.27.0&#8243; _module_preset=\u00bbdefault\u00bb pac_dcm_carousel_specific_module_num=\u00bb0&#8243; global_colors_info=\u00bb{}\u00bb][et_pb_text _builder_version=\u00bb4.27.0&#8243; _module_preset=\u00bbdefault\u00bb text_text_color=\u00bb#FFFFFF\u00bb text_font_size=\u00bb18px\u00bb header_3_font=\u00bb|600|||||||\u00bb header_3_text_color=\u00bb#FFFFFF\u00bb header_3_font_size=\u00bb26px\u00bb header_3_line_height=\u00bb1.4em\u00bb text_orientation=\u00bbcenter\u00bb module_alignment=\u00bbcenter\u00bb custom_margin=\u00bb||10px||false|false\u00bb global_colors_info=\u00bb{}\u00bb]<\/p>\n<h3>\u00a1Simplifique la gesti\u00f3n y aumente su eficacia con way2rentals!<\/h3>\n<p>[\/et_pb_text][et_pb_button button_url=\u00bb@ET-DC@eyJkeW5hbWljIjp0cnVlLCJjb250ZW50IjoicG9zdF9saW5rX3VybF9wYWdlIiwic2V0dGluZ3MiOnsicG9zdF9pZCI6IjE0NzMifX0=@\u00bb button_text=\u00bbPide una Demo\u00bb button_alignment=\u00bbcenter\u00bb _builder_version=\u00bb4.27.2&#8243; _dynamic_attributes=\u00bbbutton_url\u00bb _module_preset=\u00bbdefault\u00bb custom_button=\u00bbon\u00bb button_text_size=\u00bb18px\u00bb button_text_color=\u00bb#FFFFFF\u00bb button_border_color=\u00bb#FFFFFF\u00bb button_icon=\u00bb&#xf108;||fa||900&#8243; custom_padding=\u00bb10px||10px||true|false\u00bb global_colors_info=\u00bb{}\u00bb][\/et_pb_button][\/et_pb_column][\/et_pb_row][\/et_pb_section]<\/p>\n","protected":false},"excerpt":{"rendered":"<p>T\u00e9rminos y condicionesEste documento establece las normas que regulan el acceso y uso de los usuarios de este sitio web. El Usuario reconoce que al acceder, consultar y utilizar el sitio web est\u00e1 aceptando las presentes Condiciones de Uso. &nbsp; Propiedad Este sitio web es propiedad de Ecomoverentals &#8211; Comercio e Servi\u00e7os, Lda. &nbsp; Copyright [&hellip;]<\/p>\n","protected":false},"author":1,"featured_media":0,"parent":0,"menu_order":0,"comment_status":"closed","ping_status":"closed","template":"","meta":{"_et_pb_use_builder":"on","_et_pb_old_content":"","_et_gb_content_width":"","inline_featured_image":false,"footnotes":""},"class_list":["post-1656","page","type-page","status-publish","hentry"],"_links":{"self":[{"href":"https:\/\/way2rentals.com\/es\/wp-json\/wp\/v2\/pages\/1656","targetHints":{"allow":["GET"]}}],"collection":[{"href":"https:\/\/way2rentals.com\/es\/wp-json\/wp\/v2\/pages"}],"about":[{"href":"https:\/\/way2rentals.com\/es\/wp-json\/wp\/v2\/types\/page"}],"author":[{"embeddable":true,"href":"https:\/\/way2rentals.com\/es\/wp-json\/wp\/v2\/users\/1"}],"replies":[{"embeddable":true,"href":"https:\/\/way2rentals.com\/es\/wp-json\/wp\/v2\/comments?post=1656"}],"version-history":[{"count":7,"href":"https:\/\/way2rentals.com\/es\/wp-json\/wp\/v2\/pages\/1656\/revisions"}],"predecessor-version":[{"id":2549,"href":"https:\/\/way2rentals.com\/es\/wp-json\/wp\/v2\/pages\/1656\/revisions\/2549"}],"wp:attachment":[{"href":"https:\/\/way2rentals.com\/es\/wp-json\/wp\/v2\/media?parent=1656"}],"curies":[{"name":"wp","href":"https:\/\/api.w.org\/{rel}","templated":true}]}}