{"id":1653,"date":"2023-12-29T11:22:03","date_gmt":"2023-12-29T11:22:03","guid":{"rendered":"https:\/\/way2rentals.com\/politica-de-privacidade\/"},"modified":"2026-01-08T16:42:54","modified_gmt":"2026-01-08T16:42:54","slug":"politica-de-privacidade","status":"publish","type":"page","link":"https:\/\/way2rentals.com\/es\/politica-de-privacidade\/","title":{"rendered":"Pol\u00edtica de privacidade"},"content":{"rendered":"<p>[et_pb_section fb_built=\u00bb1&#8243; admin_label=\u00bbsection\u00bb _builder_version=\u00bb4.16&#8243; global_colors_info=\u00bb{}\u00bb][et_pb_row admin_label=\u00bbrow\u00bb _builder_version=\u00bb4.27.0&#8243; background_size=\u00bbinitial\u00bb background_position=\u00bbtop_left\u00bb background_repeat=\u00bbrepeat\u00bb width=\u00bb90%\u00bb global_colors_info=\u00bb{}\u00bb][et_pb_column type=\u00bb4_4&#8243; _builder_version=\u00bb4.16&#8243; custom_padding=\u00bb|||\u00bb pac_dcm_carousel_specific_module_num=\u00bb0&#8243; global_colors_info=\u00bb{}\u00bb custom_padding__hover=\u00bb|||\u00bb][et_pb_text admin_label=\u00bbText\u00bb _builder_version=\u00bb4.27.0&#8243; header_2_font=\u00bb|700|||||||\u00bb header_2_text_align=\u00bbcenter\u00bb header_2_text_color=\u00bb#009832&#8243; header_2_font_size=\u00bb40px\u00bb header_2_line_height=\u00bb1.3em\u00bb header_3_font=\u00bb|600|||||||\u00bb header_3_text_color=\u00bb#009832&#8243; header_3_line_height=\u00bb1.3em\u00bb background_size=\u00bbinitial\u00bb background_position=\u00bbtop_left\u00bb background_repeat=\u00bbrepeat\u00bb header_2_font_size_tablet=\u00bb40px\u00bb header_2_font_size_phone=\u00bb30px\u00bb header_2_font_size_last_edited=\u00bbon|desktop\u00bb global_colors_info=\u00bb{}\u00bb]<\/p>\n<h2>Pol\u00edtica de Privacidade<\/h2>\n<p>[\/et_pb_text][et_pb_text admin_label=\u00bbText\u00bb _builder_version=\u00bb4.27.0&#8243; header_2_font=\u00bb|700|||||||\u00bb header_2_text_color=\u00bb#009832&#8243; header_2_line_height=\u00bb1.3em\u00bb header_3_font=\u00bb|600|||||||\u00bb header_3_text_color=\u00bb#009832&#8243; header_3_line_height=\u00bb1.3em\u00bb background_size=\u00bbinitial\u00bb background_position=\u00bbtop_left\u00bb background_repeat=\u00bbrepeat\u00bb global_colors_info=\u00bb{}\u00bb]<\/p>\n<p>El Reglamento (UE) 2016\/679 del Parlamento Europeo y del Consejo es el Reglamento General de Protecci\u00f3n de Datos (GDPR), vigente desde el 25 de mayo de 2018 en la Uni\u00f3n Europea. El RGPD establece las normas relativas al procesamiento por parte de una persona, empresa u organizaci\u00f3n de datos personales relacionados con personas en la UE. <\/p>\n<p>La confidencialidad e integridad de sus datos personales es una de nuestras principales preocupaciones.<\/p>\n<p>&nbsp;<\/p>\n<h3>\u00bfQui\u00e9n es el responsable del tratamiento de sus datos personales?<\/h3>\n<p>Ecomoverentals &#8211; Comercio e Servi\u00e7os, Lda., con sede en Mesquita, Caixa Postal 3450 7750-216 M\u00e9rtola, persona jur\u00eddica n\u00famero 517827646 (\u201cEcomoverentals\u201d), es responsable del tratamiento de los datos personales que recopila a trav\u00e9s de este sitio web (\u201cSitio Web\u201d).<\/p>\n<p>&nbsp;<\/p>\n<h3>\u00bfC\u00f3mo recopilamos sus datos personales?<\/h3>\n<p>Sus datos personales ser\u00e1n recogidos y tratados por Ecomoverentals en las siguientes situaciones:<\/p>\n<ul>\n<li><strong>Datos de contacto<\/strong> (Nombre, direcci\u00f3n, n\u00famero de tel\u00e9fono y direcci\u00f3n de correo electr\u00f3nico).<\/li>\n<li><strong>Intereses<\/strong> (Informaci\u00f3n que ha proporcionado sobre temas de su inter\u00e9s, pasatiempos u otras preferencias personales).<\/li>\n<li><strong>Otros datos personales<\/strong> (Informaci\u00f3n que nos proporciona sobre su fecha de nacimiento, educaci\u00f3n, situaci\u00f3n familiar o laboral).<\/li>\n<li><strong style=\"font-size: 16px;\">Datos de registro<\/strong><span style=\"font-size: 16px;\"> (Datos necesarios para crear su cuenta en el Sitio Web).<\/span><\/li>\n<li><strong style=\"font-size: 16px;\">Uso del sitio web y las comunicaciones<\/strong> <span style=\"font-size: 16px;\">(Informaci\u00f3n sobre c\u00f3mo utiliza el sitio web y si abri\u00f3 o reenvi\u00f3 mensajes nuestros, incluidos los datos recopilados a trav\u00e9s de cookies u otras tecnolog\u00edas de seguimiento. Para obtener informaci\u00f3n m\u00e1s detallada, consulte nuestra Pol\u00edtica de cookies).<\/span><\/li>\n<\/ul>\n<p>En ning\u00fan momento se solicita ni se anima a Ecomoverentals a recopilar categor\u00edas especiales de datos, es decir, datos relacionados con creencias filos\u00f3ficas o pol\u00edticas, afiliaci\u00f3n partidista o sindical, fe religiosa y origen racial o \u00e9tnico, as\u00ed como el procesamiento de datos relacionados con la salud. y vida sexual, incluidos los datos gen\u00e9ticos.<\/p>\n<p>&nbsp;<\/p>\n<h3>\u00bfCon qu\u00e9 finalidades y con qu\u00e9 fundamentos se pueden utilizar sus datos personales?<\/h3>\n<p>Seg\u00fan el Reglamento General de Protecci\u00f3n de Datos (GDPR), el uso de datos personales debe estar justificado bajo al menos una base legal para el procesamiento de datos personales:<\/p>\n<ol>\n<li><strong>Consentimiento<\/strong> (Art. 6, n. 1, al. a) del RGPD): cuando haya dado su consentimiento para el tratamiento de sus datos personales (consentimiento que podr\u00e1 retirar posteriormente);<\/li>\n<li><strong>Ejecuci\u00f3n de un contrato\/medidas precontractuales<\/strong> (Art. 6, n. 1, al. b) del RGPD): cuando el procesamiento es necesario para celebrar un contrato con usted o llevar a cabo su ejecuci\u00f3n;<\/li>\n<li><strong>Cumplimiento de obligaciones legales<\/strong> (Art. 6, n. 1, al. c) del RGPD): cuando el tratamiento sea necesario para cumplir con las obligaciones legales a las que est\u00e1 sujeta la empresa;<\/li>\n<li><strong>Salvaguardia del inter\u00e9s leg\u00edtimo<\/strong> (Art. 6 n\u00ba 1 al. f) RGPD): cuando el tratamiento es necesario para lograr un inter\u00e9s leg\u00edtimo y nuestros motivos para su uso prevalecen sobre sus derechos de protecci\u00f3n de datos.<\/li>\n<li><strong>Categor\u00edas de datos personales que procesamos<\/strong><\/li>\n<\/ol>\n<ul>\n<li style=\"list-style-type: none;\">\n<ul>\n<li>Nombre y datos de contacto: Recopilamos su nombre y apellido, direcci\u00f3n de correo electr\u00f3nico, direcci\u00f3n postal, n\u00famero de tel\u00e9fono y otros datos de contacto similares.<\/li>\n<li>Datos demogr\u00e1ficos: edad, sexo, pa\u00eds e idioma preferido.<\/li>\n<li>Datos de uso: recopilamos datos sobre c\u00f3mo interact\u00faa con nuestros Servicios. Esto incluye datos como los recursos que utiliza, los art\u00edculos que compra, las p\u00e1ginas web que visita y los t\u00e9rminos de b\u00fasqueda que ingresa. Esto tambi\u00e9n incluye datos sobre su dispositivo y la red que utiliza para conectarse a nuestros servicios, incluida la direcci\u00f3n IP, identificadores de dispositivo (como el n\u00famero IMEI para tel\u00e9fonos), configuraci\u00f3n regional y de idioma. Incluye informaci\u00f3n sobre los sistemas operativos y otro software instalado en su dispositivo, incluidas claves de producto. E incluye datos sobre el desempe\u00f1o de los servicios y cualquier problema que haya ocurrido como resultado de su experiencia con esos servicios.    <\/li>\n<li>Datos de ubicaci\u00f3n: recopilamos datos sobre su ubicaci\u00f3n, que pueden ser precisos o inexactos. Los datos de ubicaci\u00f3n precisos pueden ser datos del Sistema de Posici\u00f3n Global (GPS), as\u00ed como datos que identifican torres de comunicaciones m\u00f3viles y puntos de acceso WiFi, que se recopilan cuando activa funciones o servicios basados en la ubicaci\u00f3n. Los datos de ubicaci\u00f3n inexactos incluyen, por ejemplo, una ubicaci\u00f3n derivada de su direcci\u00f3n IP o datos que indican su ubicaci\u00f3n con menor precisi\u00f3n, como una ciudad o un c\u00f3digo postal.  <\/li>\n<li>Contenido: Recopilamos contenido de sus archivos y comunicaciones cuando sea necesario para brindarle Servicios.<\/li>\n<\/ul>\n<\/li>\n<\/ul>\n<p>&nbsp;<\/p>\n<h3>\u00bfC\u00f3mo mantenemos seguros sus datos personales?<\/h3>\n<p>Utilizamos una variedad de medidas de seguridad, incluidas herramientas de cifrado y autenticaci\u00f3n, para ayudar a proteger y mantener la seguridad, integridad y disponibilidad de sus datos personales.<\/p>\n<p>Aunque la transmisi\u00f3n de datos a trav\u00e9s de Internet o el sitio web no puede garantizar una seguridad completa contra intrusiones, nosotros y nuestros proveedores de servicios y socios comerciales hacemos todo lo posible para implementar y mantener medidas de seguridad f\u00edsicas, electr\u00f3nicas y de procedimiento dise\u00f1adas para proteger sus datos personales de acuerdo con los requisitos de protecci\u00f3n de datos aplicables.<\/p>\n<p>&nbsp;<\/p>\n<h3>\u00bfCu\u00e1nto tiempo conservamos tus datos personales?<\/h3>\n<p>Seg\u00fan el art. 17 del RGPD, solo almacenaremos sus datos durante el per\u00edodo estrictamente necesario para los respectivos fines de procesamiento. Si los datos se procesan para m\u00faltiples prop\u00f3sitos, se eliminar\u00e1n autom\u00e1ticamente o se almacenar\u00e1n en un formato que no permita sacar conclusiones sobre su identidad, tan pronto como se haya terminado con el \u00faltimo prop\u00f3sito espec\u00edfico. <\/p>\n<p>Recrutamento e sele\u00e7\u00e3o de candidatos baseados no consentimento: no \u00e2mbito da finalidade em apre\u00e7o, os seus dados ser\u00e3o conservados at\u00e9 ao prazo m\u00e1ximo de 5 anos contados a partir da recolha do seu consentimento ou da apresenta\u00e7\u00e3o da sua candidatura para uma vaga em particular (consoante o que ocorra em \u00faltimo lugar) e caso, dentro deste per\u00edodo, n\u00e3o tenha retirado o seu consentimento.<\/p>\n<p>&nbsp;<\/p>\n<h3>\u00bfC\u00f3mo puedo ejercer el Derecho de Acceso, Rectificaci\u00f3n, Cancelaci\u00f3n y Oposici\u00f3n (ARCO) de datos personales?<\/h3>\n<p>Seg\u00fan el RGPD, el interesado tiene derecho a solicitar al responsable del tratamiento el acceso a los datos personales que le conciernen, as\u00ed como su rectificaci\u00f3n o supresi\u00f3n.<\/p>\n<p>El interesado tambi\u00e9n tiene derecho a retirar el consentimiento prestado para su tratamiento, en cualquier momento, sin comprometer la licitud del tratamiento realizado sobre la base del consentimiento previamente otorgado.<\/p>\n<p>Puede ejercer estos derechos de acceso, rectificaci\u00f3n, supresi\u00f3n, limitaci\u00f3n del tratamiento, oposici\u00f3n al tratamiento, portabilidad o retirada del consentimiento ante Ecomoverentals, Lda. enviando un correo electr\u00f3nico a info@way2rentals.com o comunicaci\u00f3n escrita, por correo certificado, a la direcci\u00f3n Ecomoverentals, Lda., Rua Filipe Ferrer, nr.33, Loja AM, 8005-334 Faro.<\/p>\n<p>Sujeto a ciertas condiciones, es posible que tenga derecho a solicitarnos que:<\/p>\n<ul>\n<li>le proporcionaremos informaci\u00f3n adicional sobre nuestro uso de sus datos personales;<\/li>\n<li>proporcionarle una copia de los datos personales que nos ha proporcionado;<\/li>\n<li>proporcionamos los datos personales que nos proporcion\u00f3 a otro responsable del tratamiento a petici\u00f3n suya;<\/li>\n<li>actualizar cualquier inexactitud en los datos personales que tenemos;<\/li>\n<li>que eliminemos datos personales cuyo uso ya no sea leg\u00edtimo;<\/li>\n<li>limitar la forma en que utilizamos sus datos personales hasta que se investigue su queja.<\/li>\n<\/ul>\n<p>Su ejercicio de estos derechos est\u00e1 sujeto a ciertas excepciones dise\u00f1adas para salvaguardar el inter\u00e9s p\u00fablico (prevenci\u00f3n o detecci\u00f3n de delitos) o nuestro inter\u00e9s (mantenimiento del secreto profesional).<\/p>\n<p>Si ejerce alguno de estos derechos, lo analizaremos y responderemos en el plazo de 1 (un) mes.<\/p>\n<p>Si no est\u00e1 satisfecho con el uso que hacemos de sus datos personales o con nuestra respuesta despu\u00e9s de ejercer cualquiera de estos derechos, tiene derecho a presentar una queja ante su autoridad de control (Comisi\u00f3n Nacional de Protecci\u00f3n de Datos \u2013 CNPD, Rua de S\u00e3o Bento, n.\u00ba 148, 3\u00ba, 1200-821 Lisboa | Tel: 213928400, correo electr\u00f3nico: geral@cnpd.pt).<\/p>\n<p><strong> <\/strong><\/p>\n<h3>\u00bfPodr\u00eda haber cambios en la Pol\u00edtica de Privacidad?<\/h3>\n<p>Ecomoverentals, Inc. se reserva el derecho, en cualquier momento, de actualizar o revisar esta Pol\u00edtica de Privacidad con el fin de ajustarla a posibles cambios legislativos y\/u otras condiciones. Cualquier cambio realizado ser\u00e1 publicado en este espacio, por lo que el usuario deber\u00e1 visitar frecuentemente esta \u00e1rea para poder mantenerse informado sobre la Pol\u00edtica de Privacidad vigente.  <\/p>\n<p>&nbsp;<\/p>\n<p>[\/et_pb_text][\/et_pb_column][\/et_pb_row][\/et_pb_section][et_pb_section fb_built=\u00bb1&#8243; _builder_version=\u00bb4.27.0&#8243; _module_preset=\u00bbdefault\u00bb global_colors_info=\u00bb{}\u00bb][et_pb_row _builder_version=\u00bb4.27.0&#8243; _module_preset=\u00bbdefault\u00bb background_color=\u00bb#009832&#8243; width=\u00bb90%\u00bb border_radii=\u00bbon|10px|10px|10px|10px\u00bb box_shadow_style=\u00bbpreset2&#8243; global_colors_info=\u00bb{}\u00bb][et_pb_column type=\u00bb4_4&#8243; _builder_version=\u00bb4.27.0&#8243; _module_preset=\u00bbdefault\u00bb pac_dcm_carousel_specific_module_num=\u00bb0&#8243; global_colors_info=\u00bb{}\u00bb][et_pb_text _builder_version=\u00bb4.27.0&#8243; _module_preset=\u00bbdefault\u00bb text_text_color=\u00bb#FFFFFF\u00bb text_font_size=\u00bb18px\u00bb header_3_font=\u00bb|600|||||||\u00bb header_3_text_color=\u00bb#FFFFFF\u00bb header_3_font_size=\u00bb26px\u00bb header_3_line_height=\u00bb1.4em\u00bb text_orientation=\u00bbcenter\u00bb module_alignment=\u00bbcenter\u00bb custom_margin=\u00bb||10px||false|false\u00bb global_colors_info=\u00bb{}\u00bb]<\/p>\n<h3>\u00a1Simplifique la gesti\u00f3n y aumente su eficacia con way2rentals!<\/h3>\n<p>[\/et_pb_text][et_pb_button button_url=\u00bb@ET-DC@eyJkeW5hbWljIjp0cnVlLCJjb250ZW50IjoicG9zdF9saW5rX3VybF9wYWdlIiwic2V0dGluZ3MiOnsicG9zdF9pZCI6IjE0NzMiLCJlbmFibGVfaHRtbCI6Im9mZiJ9fQ==@\u00bb button_text=\u00bbPide una Demo\u00bb button_alignment=\u00bbcenter\u00bb _builder_version=\u00bb4.27.2&#8243; _dynamic_attributes=\u00bbbutton_url\u00bb _module_preset=\u00bbdefault\u00bb custom_button=\u00bbon\u00bb button_text_size=\u00bb18px\u00bb button_text_color=\u00bb#FFFFFF\u00bb button_border_color=\u00bb#FFFFFF\u00bb button_icon=\u00bb&#xf108;||fa||900&#8243; custom_padding=\u00bb10px||10px||true|false\u00bb global_colors_info=\u00bb{}\u00bb][\/et_pb_button][\/et_pb_column][\/et_pb_row][\/et_pb_section]<\/p>\n","protected":false},"excerpt":{"rendered":"<p>Pol\u00edtica de PrivacidadeEl Reglamento (UE) 2016\/679 del Parlamento Europeo y del Consejo es el Reglamento General de Protecci\u00f3n de Datos (GDPR), vigente desde el 25 de mayo de 2018 en la Uni\u00f3n Europea. El RGPD establece las normas relativas al procesamiento por parte de una persona, empresa u organizaci\u00f3n de datos personales relacionados con personas [&hellip;]<\/p>\n","protected":false},"author":1,"featured_media":0,"parent":0,"menu_order":0,"comment_status":"closed","ping_status":"open","template":"","meta":{"_et_pb_use_builder":"on","_et_pb_old_content":"","_et_gb_content_width":"","inline_featured_image":false,"footnotes":""},"class_list":["post-1653","page","type-page","status-publish","hentry"],"_links":{"self":[{"href":"https:\/\/way2rentals.com\/es\/wp-json\/wp\/v2\/pages\/1653","targetHints":{"allow":["GET"]}}],"collection":[{"href":"https:\/\/way2rentals.com\/es\/wp-json\/wp\/v2\/pages"}],"about":[{"href":"https:\/\/way2rentals.com\/es\/wp-json\/wp\/v2\/types\/page"}],"author":[{"embeddable":true,"href":"https:\/\/way2rentals.com\/es\/wp-json\/wp\/v2\/users\/1"}],"replies":[{"embeddable":true,"href":"https:\/\/way2rentals.com\/es\/wp-json\/wp\/v2\/comments?post=1653"}],"version-history":[{"count":7,"href":"https:\/\/way2rentals.com\/es\/wp-json\/wp\/v2\/pages\/1653\/revisions"}],"predecessor-version":[{"id":2527,"href":"https:\/\/way2rentals.com\/es\/wp-json\/wp\/v2\/pages\/1653\/revisions\/2527"}],"wp:attachment":[{"href":"https:\/\/way2rentals.com\/es\/wp-json\/wp\/v2\/media?parent=1653"}],"curies":[{"name":"wp","href":"https:\/\/api.w.org\/{rel}","templated":true}]}}