{"id":1646,"date":"2024-08-30T08:46:31","date_gmt":"2024-08-30T08:46:31","guid":{"rendered":"https:\/\/way2rentals.com\/sobre-nosotros\/"},"modified":"2026-04-17T11:35:32","modified_gmt":"2026-04-17T11:35:32","slug":"sobre-nosotros","status":"publish","type":"page","link":"https:\/\/way2rentals.com\/es\/sobre-nosotros\/","title":{"rendered":"Nosotros"},"content":{"rendered":"<p>[et_pb_section fb_built=\u00bb1&#8243; admin_label=\u00bbsection\u00bb _builder_version=\u00bb4.27.2&#8243; global_colors_info=\u00bb{}\u00bb][et_pb_row admin_label=\u00bbrow\u00bb _builder_version=\u00bb4.27.0&#8243; background_size=\u00bbinitial\u00bb background_position=\u00bbtop_left\u00bb background_repeat=\u00bbrepeat\u00bb width=\u00bb90%\u00bb global_colors_info=\u00bb{}\u00bb][et_pb_column type=\u00bb4_4&#8243; _builder_version=\u00bb4.16&#8243; custom_padding=\u00bb|||\u00bb global_colors_info=\u00bb{}\u00bb custom_padding__hover=\u00bb|||\u00bb][et_pb_text admin_label=\u00bbText\u00bb _builder_version=\u00bb4.27.6&#8243; header_2_font=\u00bb|700|||||||\u00bb header_2_text_align=\u00bbcenter\u00bb header_2_text_color=\u00bb#009832&#8243; header_2_font_size=\u00bb35px\u00bb header_2_line_height=\u00bb1.3em\u00bb header_3_font=\u00bb|600|||||||\u00bb header_3_text_color=\u00bb#009832&#8243; header_3_line_height=\u00bb1.3em\u00bb background_size=\u00bbinitial\u00bb background_position=\u00bbtop_left\u00bb background_repeat=\u00bbrepeat\u00bb hover_enabled=\u00bb0&#8243; header_2_font_size_tablet=\u00bb40px\u00bb header_2_font_size_phone=\u00bb30px\u00bb header_2_font_size_last_edited=\u00bbon|desktop\u00bb global_colors_info=\u00bb{}\u00bb header_font=\u00bb|700|||||||\u00bb header_font_size=\u00bb40px\u00bb header_line_height=\u00bb1.3em\u00bb header_text_color=\u00bb#009832&#8243; sticky_enabled=\u00bb0&#8243;]<\/p>\n<h1 style=\"text-align: center;\">Acerca de Way2Rentals<strong><\/strong><\/h1>\n<p>[\/et_pb_text][\/et_pb_column][\/et_pb_row][et_pb_row column_structure=\u00bb1_2,1_2&#8243; _builder_version=\u00bb4.27.2&#8243; _module_preset=\u00bbdefault\u00bb width=\u00bb90%\u00bb global_colors_info=\u00bb{}\u00bb][et_pb_column type=\u00bb1_2&#8243; _builder_version=\u00bb4.27.2&#8243; _module_preset=\u00bbdefault\u00bb global_colors_info=\u00bb{}\u00bb][et_pb_text admin_label=\u00bbText\u00bb _builder_version=\u00bb4.27.6&#8243; header_2_font=\u00bb|700|||||||\u00bb header_2_text_color=\u00bb#009832&#8243; header_2_line_height=\u00bb1.3em\u00bb header_3_font=\u00bb|700|||||||\u00bb header_3_text_color=\u00bb#009832&#8243; header_3_line_height=\u00bb1.3em\u00bb background_size=\u00bbinitial\u00bb background_position=\u00bbtop_left\u00bb background_repeat=\u00bbrepeat\u00bb hover_enabled=\u00bb0&#8243; global_colors_info=\u00bb{}\u00bb sticky_enabled=\u00bb0&#8243;]<\/p>\n<h3>TECNOLOG\u00cdA QUE MUEVE TU NEGOCIO HACIA EL FUTURO.<\/h3>\n<p>&nbsp;<\/p>\n<p><strong>Ecomoverentals<\/strong>, empresa perteneciente al <strong><a href=\"https:\/\/w4msolutions.com\/\" target=\"_blank\" rel=\"noopener\">Grupo W4M<\/a><\/strong>, est\u00e1 especializada en el desarrollo y la implementaci\u00f3n de soluciones tecnol\u00f3gicas innovadoras para la gesti\u00f3n de flotas de veh\u00edculos motorizados.<\/p>\n<p>Con una visi\u00f3n centrada en la eficiencia, la sostenibilidad y el futuro de la movilidad, <strong>Ecomoverentals <\/strong>se encarga de la implementaci\u00f3n y comercializaci\u00f3n de <strong>Way2Rentals<\/strong>, una plataforma SaaS creada para simplificar, automatizar y optimizar el funcionamiento de las empresas del sector.<\/p>\n<p><strong>Way2Rentals <\/strong>es una soluci\u00f3n intuitiva, vers\u00e1til y accesible tanto a trav\u00e9s de la web como de dispositivos m\u00f3viles, desarrollada para satisfacer las necesidades de gesti\u00f3n de empresas de alquiler de coches, empresas con flotas, operadores de autocaravanas y otros negocios relacionados con la movilidad.<\/p>\n<p>Con funciones adaptables a las necesidades de cada empresa, la plataforma permite:<\/p>\n<ul>\n<li>mejorar el control operativo;<\/li>\n<li>reducir costes;<\/li>\n<li>aumentar la productividad;<\/li>\n<li>maximizar la rentabilidad;<\/li>\n<li>simplificar los procesos de gesti\u00f3n.<\/li>\n<\/ul>\n<p>Ya se trate de un peque\u00f1o negocio o de una empresa de mayor envergadura, <strong>Way2Rentals <\/strong>ofrece una soluci\u00f3n s\u00f3lida, fiable y preparada para adaptarse a la evoluci\u00f3n del mercado.<\/p>\n<p>Adem\u00e1s de <strong>Way2Rentals<\/strong>, <strong>Ecomoverentals <\/strong>ofrece un conjunto de soluciones tecnol\u00f3gicas complementarias, dise\u00f1adas para apoyar la transformaci\u00f3n digital de sus clientes y responder a las exigencias de un sector en constante evoluci\u00f3n.<\/p>\n<p>[\/et_pb_text][\/et_pb_column][et_pb_column type=\u00bb1_2&#8243; _builder_version=\u00bb4.27.2&#8243; _module_preset=\u00bbdefault\u00bb global_colors_info=\u00bb{}\u00bb][et_pb_image src=\u00bbhttps:\/\/way2rentals.com\/wp-content\/uploads\/2024\/10\/way2rentals_sobrenos.jpg\u00bb alt=\u00bbway2rentals sobre nosotros\u00bb title_text=\u00bbway2rentals_sobrenos\u00bb show_bottom_space=\u00bboff\u00bb _builder_version=\u00bb4.27.2&#8243; _module_preset=\u00bbdefault\u00bb border_radii=\u00bbon|10px|10px|10px|10px\u00bb box_shadow_style=\u00bbpreset1&#8243; box_shadow_blur=\u00bb10px\u00bb global_colors_info=\u00bb{}\u00bb][\/et_pb_image][\/et_pb_column][\/et_pb_row][et_pb_row _builder_version=\u00bb4.27.6&#8243; _module_preset=\u00bbdefault\u00bb][et_pb_column _builder_version=\u00bb4.27.6&#8243; _module_preset=\u00bbdefault\u00bb type=\u00bb4_4&#8243;][et_pb_text _builder_version=\u00bb4.27.6&#8243; _module_preset=\u00bbdefault\u00bb hover_enabled=\u00bb0&#8243; sticky_enabled=\u00bb0&#8243; header_2_text_align=\u00bbcenter\u00bb header_2_text_color=\u00bb#009832&#8243;]<\/p>\n<h2><strong>TODO CONECTADO, TODO CONTROLADO.<\/strong><\/h2>\n<p>[\/et_pb_text][et_pb_text _builder_version=\u00bb4.27.6&#8243; _module_preset=\u00bbdefault\u00bb hover_enabled=\u00bb0&#8243; sticky_enabled=\u00bb0&#8243;]Como complemento al software Way2Rentals, el Grupo W4M ofrece un conjunto integrado de soluciones tecnol\u00f3gicas que permiten conectar, controlar y optimizar diferentes \u00e1reas del negocio, lo que favorece una gesti\u00f3n m\u00e1s eficiente y conectada.[\/et_pb_text][\/et_pb_column][\/et_pb_row][et_pb_row column_structure=\u00bb1_2,1_2&#8243; _builder_version=\u00bb4.27.6&#8243; _module_preset=\u00bbdefault\u00bb width=\u00bb90%\u00bb hover_enabled=\u00bb0&#8243; global_colors_info=\u00bb{}\u00bb sticky_enabled=\u00bb0&#8243;][et_pb_column type=\u00bb1_2&#8243; _builder_version=\u00bb4.27.0&#8243; _module_preset=\u00bbdefault\u00bb global_colors_info=\u00bb{}\u00bb][et_pb_blurb title=\u00bbDIGITAL SIGNAGE\u00bb image=\u00bbhttps:\/\/way2rentals.com\/wp-content\/uploads\/\/mupi.svg\u00bb alt=\u00bbmup\u00ed\u00bb icon_placement=\u00bbleft\u00bb image_icon_width=\u00bb70px\u00bb content_max_width=\u00bb100%\u00bb _builder_version=\u00bb4.27.6&#8243; _module_preset=\u00bbdefault\u00bb header_font=\u00bb|700|||||||\u00bb body_text_color=\u00bb#000000&#8243; hover_enabled=\u00bb0&#8243; global_colors_info=\u00bb{}\u00bb sticky_enabled=\u00bb0&#8243;]<\/p>\n<ul>\n<li>Escaparates y expositores;<\/li>\n<li>Pantallas y monitores;<\/li>\n<li>Software de gesti\u00f3n de contenidos.<\/li>\n<\/ul>\n<p>[\/et_pb_blurb][et_pb_blurb title=\u00bbSEGURIDAD\u00bb image=\u00bbhttps:\/\/way2rentals.com\/wp-content\/uploads\/\/seguranca.svg\u00bb alt=\u00bbseguridad\u00bb icon_placement=\u00bbleft\u00bb image_icon_width=\u00bb70px\u00bb content_max_width=\u00bb100%\u00bb _builder_version=\u00bb4.27.6&#8243; _module_preset=\u00bbdefault\u00bb header_font=\u00bb|700|||||||\u00bb body_text_color=\u00bb#000000&#8243; hover_enabled=\u00bb0&#8243; global_colors_info=\u00bb{}\u00bb sticky_enabled=\u00bb0&#8243;]<\/p>\n<ul>\n<li>Control de acceso;<\/li>\n<li>Estacionamento inteligente;<\/li>\n<li>CCTV y an\u00e1lisis de v\u00eddeo.<\/li>\n<\/ul>\n<p>[\/et_pb_blurb][et_pb_blurb title=\u00bbREDES Y WI-FI\u00bb image=\u00bbhttps:\/\/way2rentals.com\/wp-content\/uploads\/\/redes_wifi.svg\u00bb alt=\u00bbredes_wifi\u00bb icon_placement=\u00bbleft\u00bb image_icon_width=\u00bb70px\u00bb content_max_width=\u00bb100%\u00bb _builder_version=\u00bb4.27.6&#8243; _module_preset=\u00bbdefault\u00bb header_font=\u00bb|700|||||||\u00bb body_text_color=\u00bb#000000&#8243; hover_enabled=\u00bb0&#8243; global_colors_info=\u00bb{}\u00bb sticky_enabled=\u00bb0&#8243;]<\/p>\n<ul>\n<li>Infraestructura de red;<\/li>\n<li>Red wifi y equipos;<\/li>\n<li>Software de gesti\u00f3n de accesos.<\/li>\n<\/ul>\n<p>[\/et_pb_blurb][\/et_pb_column][et_pb_column type=\u00bb1_2&#8243; _builder_version=\u00bb4.27.0&#8243; _module_preset=\u00bbdefault\u00bb global_colors_info=\u00bb{}\u00bb][et_pb_blurb title=\u00bbGesti\u00f3n de atendimiento\u00bb image=\u00bbhttps:\/\/way2rentals.com\/wp-content\/uploads\/\/user_experience.svg\u00bb alt=\u00bbuser_experience\u00bb icon_placement=\u00bbleft\u00bb image_icon_width=\u00bb70px\u00bb content_max_width=\u00bb100%\u00bb _builder_version=\u00bb4.27.6&#8243; _module_preset=\u00bbdefault\u00bb header_font=\u00bb|700|||||||\u00bb body_text_color=\u00bb#000000&#8243; hover_enabled=\u00bb0&#8243; global_colors_info=\u00bb{}\u00bb sticky_enabled=\u00bb0&#8243;]<\/p>\n<ul>\n<li>Quioscos de atenci\u00f3n al cliente;<\/li>\n<li>Quioscos de pago;<\/li>\n<li>Taquillas inteligentes para la recogida y entrega autom\u00e1tica de llaves.<\/li>\n<\/ul>\n<p>[\/et_pb_blurb][et_pb_blurb title=\u00bbSOSTENIBILIDAD\u00bb image=\u00bbhttps:\/\/way2rentals.com\/wp-content\/uploads\/\/sustentabilidade.svg\u00bb alt=\u00bbsostenibilidad\u00bb icon_placement=\u00bbleft\u00bb image_icon_width=\u00bb70px\u00bb content_max_width=\u00bb100%\u00bb _builder_version=\u00bb4.27.6&#8243; _module_preset=\u00bbdefault\u00bb header_font=\u00bb|700|||||||\u00bb body_text_color=\u00bb#000000&#8243; hover_enabled=\u00bb0&#8243; global_colors_info=\u00bb{}\u00bb sticky_enabled=\u00bb0&#8243;]<\/p>\n<ul>\n<li>Soluciones para la Eficiencia Energ\u00e9tica y H\u00eddrica;<\/li>\n<li>Sensores y automatizaci\u00f3n;<\/li>\n<li>Recarga de veh\u00edculos el\u00e9ctricos.<\/li>\n<\/ul>\n<p>[\/et_pb_blurb][et_pb_blurb title=\u00bbINTEGRACIONES\u00bb image=\u00bbhttps:\/\/way2rentals.com\/wp-content\/uploads\/\/integracoes.svg\u00bb alt=\u00bbintegraciones\u00bb icon_placement=\u00bbleft\u00bb image_icon_width=\u00bb70px\u00bb content_max_width=\u00bb100%\u00bb _builder_version=\u00bb4.27.2&#8243; _module_preset=\u00bbdefault\u00bb header_font=\u00bb|700|||||||\u00bb body_text_color=\u00bb#000000&#8243; global_colors_info=\u00bb{}\u00bb]<\/p>\n<ul>\n<li>Integraci\u00f3n con diversas soluciones y sistemas.<\/li>\n<\/ul>\n<p>[\/et_pb_blurb][\/et_pb_column][\/et_pb_row][\/et_pb_section][et_pb_section fb_built=\u00bb1&#8243; _builder_version=\u00bb4.27.0&#8243; _module_preset=\u00bbdefault\u00bb global_colors_info=\u00bb{}\u00bb][et_pb_row _builder_version=\u00bb4.27.0&#8243; _module_preset=\u00bbdefault\u00bb background_color=\u00bb#009832&#8243; width=\u00bb90%\u00bb border_radii=\u00bbon|10px|10px|10px|10px\u00bb box_shadow_style=\u00bbpreset2&#8243; global_colors_info=\u00bb{}\u00bb][et_pb_column type=\u00bb4_4&#8243; _builder_version=\u00bb4.27.0&#8243; _module_preset=\u00bbdefault\u00bb global_colors_info=\u00bb{}\u00bb][et_pb_text _builder_version=\u00bb4.27.6&#8243; _module_preset=\u00bbdefault\u00bb text_text_color=\u00bb#FFFFFF\u00bb text_font_size=\u00bb18px\u00bb header_3_font=\u00bb|600|||||||\u00bb header_3_text_color=\u00bb#FFFFFF\u00bb header_3_font_size=\u00bb26px\u00bb header_3_line_height=\u00bb1.4em\u00bb text_orientation=\u00bbcenter\u00bb module_alignment=\u00bbcenter\u00bb custom_margin=\u00bb||10px||false|false\u00bb hover_enabled=\u00bb0&#8243; global_colors_info=\u00bb{}\u00bb sticky_enabled=\u00bb0&#8243;]<\/p>\n<h3>Simplifica la gesti\u00f3n y aumenta la eficiencia con Way2Rentals<\/h3>\n<p>[\/et_pb_text][et_pb_text _builder_version=\u00bb4.27.6&#8243; _module_preset=\u00bbdefault\u00bb text_text_color=\u00bb#FFFFFF\u00bb text_font_size=\u00bb18px\u00bb header_3_font=\u00bb|600|||||||\u00bb header_3_text_color=\u00bb#FFFFFF\u00bb header_3_font_size=\u00bb26px\u00bb header_3_line_height=\u00bb1.4em\u00bb text_orientation=\u00bbcenter\u00bb module_alignment=\u00bbcenter\u00bb custom_margin=\u00bb|10px|10px|10px|false|false\u00bb hover_enabled=\u00bb0&#8243; global_colors_info=\u00bb{}\u00bb sticky_enabled=\u00bb0&#8243; custom_padding=\u00bb|10px||10px|false|false\u00bb]Ayudamos a las empresas a transformar la forma en que gestionan sus operaciones mediante una tecnolog\u00eda pr\u00e1ctica, flexible y preparada para los retos de la movilidad moderna.[\/et_pb_text][et_pb_button button_url=\u00bb@ET-DC@eyJkeW5hbWljIjp0cnVlLCJjb250ZW50IjoicG9zdF9saW5rX3VybF9wYWdlIiwic2V0dGluZ3MiOnsicG9zdF9pZCI6IjE0NzMiLCJlbmFibGVfaHRtbCI6Im9mZiJ9fQ==@\u00bb button_text=\u00bbCont\u00e1ctese con nuestro equipo\u00bb button_alignment=\u00bbcenter\u00bb _builder_version=\u00bb4.27.6&#8243; _dynamic_attributes=\u00bbbutton_url\u00bb _module_preset=\u00bbdefault\u00bb custom_button=\u00bbon\u00bb button_text_size=\u00bb18px\u00bb button_text_color=\u00bb#FFFFFF\u00bb button_border_color=\u00bb#FFFFFF\u00bb button_icon=\u00bb&#xf108;||fa||900&#8243; hover_enabled=\u00bb0&#8243; global_colors_info=\u00bb{}\u00bb sticky_enabled=\u00bb0&#8243;][\/et_pb_button][\/et_pb_column][\/et_pb_row][\/et_pb_section]<\/p>\n","protected":false},"excerpt":{"rendered":"<p>Ecomoverentals, parte del Grupo W4M, es una empresa especializada en soluciones tecnol\u00f3gicas innovadoras para la gesti\u00f3n de flotas de veh\u00edculos motorizados.<\/p>\n","protected":false},"author":1,"featured_media":0,"parent":0,"menu_order":0,"comment_status":"closed","ping_status":"closed","template":"","meta":{"_et_pb_use_builder":"on","_et_pb_old_content":"","_et_gb_content_width":"","inline_featured_image":false,"footnotes":""},"class_list":["post-1646","page","type-page","status-publish","hentry"],"_links":{"self":[{"href":"https:\/\/way2rentals.com\/es\/wp-json\/wp\/v2\/pages\/1646","targetHints":{"allow":["GET"]}}],"collection":[{"href":"https:\/\/way2rentals.com\/es\/wp-json\/wp\/v2\/pages"}],"about":[{"href":"https:\/\/way2rentals.com\/es\/wp-json\/wp\/v2\/types\/page"}],"author":[{"embeddable":true,"href":"https:\/\/way2rentals.com\/es\/wp-json\/wp\/v2\/users\/1"}],"replies":[{"embeddable":true,"href":"https:\/\/way2rentals.com\/es\/wp-json\/wp\/v2\/comments?post=1646"}],"version-history":[{"count":17,"href":"https:\/\/way2rentals.com\/es\/wp-json\/wp\/v2\/pages\/1646\/revisions"}],"predecessor-version":[{"id":2710,"href":"https:\/\/way2rentals.com\/es\/wp-json\/wp\/v2\/pages\/1646\/revisions\/2710"}],"wp:attachment":[{"href":"https:\/\/way2rentals.com\/es\/wp-json\/wp\/v2\/media?parent=1646"}],"curies":[{"name":"wp","href":"https:\/\/api.w.org\/{rel}","templated":true}]}}